{"id":25,"date":"2023-07-06T09:50:09","date_gmt":"2023-07-06T09:50:09","guid":{"rendered":"https:\/\/gaudikuppler.at\/?page_id=25"},"modified":"2024-08-07T12:15:38","modified_gmt":"2024-08-07T12:15:38","slug":"bewerbs-bestimmungen","status":"publish","type":"page","link":"https:\/\/gaudikuppler.at\/?page_id=25","title":{"rendered":"Bewerbs-Bestimmungen"},"content":{"rendered":"\n<p class=\"has-medium-font-size\"><strong><u>Bestimmungen:<\/u><\/strong><\/p>\n\n\n\n<p class=\"has-medium-font-size\">Es gelten die Bestimmungen f\u00fcr den Bewerb um das Feuerwehrleistungsabzeichen in Bronze und Silber, \u00d6BFV Fachschriftenheft 11 \u2013 7. neu bearbeitete Auflage \u2013 Ausgabe 2011.<\/p>\n\n\n\n<p class=\"has-medium-font-size\"><strong><u>Grunddurchgang:<\/u><\/strong><br><br>Jede Mannschaft hat 3 L\u00e4ufe, der schlechteste Lauf wird gestrichen. <br>Die 2 gewerteten L\u00e4ufe werden zusammengez\u00e4hlt und gereiht. Die Besten 8 qualifizieren sich f\u00fcr die KO-Phase.<br><br><strong><u>KO-Phase:<\/u><\/strong><br><br>8\u00a0Mannschaften k\u00e4mpfen im Parallel-KO-System (1. gegen 8., 2. gegen 7., usw.) um den Aufstieg ins Halbfinale. Die Reihung wird hierf\u00fcr per Zufall gezogen. Die Verlierer scheiden aus dem Wettkampf aus.<\/p>\n\n\n\n<p class=\"has-medium-font-size\"><strong><u>Halbfinale:<\/u><\/strong><\/p>\n\n\n\n<p class=\"has-medium-font-size\">4\u00a0Mannschaften k\u00e4mpfen im Parallel-KO-System um den Aufstieg ins Finale. Die Verlierer laufen im kleinen Finale um Platz 3. Die Reihung wird hierf\u00fcr per Zufall gezogen.<\/p>\n\n\n\n<p class=\"has-medium-font-size\"><strong><u>Kleines Finale:<\/u><\/strong><\/p>\n\n\n\n<p class=\"has-medium-font-size\">2 Mannschaften k\u00e4mpfen im Parallel-KO-System um Platz 3. Es werden 2 L\u00e4ufe ausgetragen, wobei zwischen ersten und zweiten Lauf die Bahnen gewechselt werden.<br>Die beiden L\u00e4ufen werden zusammengez\u00e4hlt und daraus ergibt sich die Platzierung.<\/p>\n\n\n\n<p class=\"has-medium-font-size\"><strong><u>Finale:<\/u><\/strong><\/p>\n\n\n\n<p class=\"has-medium-font-size\">2 Mannschaften k\u00e4mpfen im Parallel-KO-System um den Tagessieg bei GK. Es werden 2 Finall\u00e4ufe ausgetragen, wobei zwischen ersten und zweiten Lauf die Bahnen gewechselt werden.<br>Die beiden L\u00e4ufen werden zusammengez\u00e4hlt und daraus ergibt sich die Platzierung.<\/p>\n\n\n\n<p class=\"has-medium-font-size\"><strong><u>Adjustierung:<\/u><\/strong><\/p>\n\n\n\n<p class=\"has-medium-font-size\"><strong>Einsatzbekleidung bzw. Dienstbekleidung gr\u00fcn oder blau.<\/strong>&nbsp;Ein unterschiedliches Tragen von verschiednen Farben gr\u00fcn oder blau ist aufgrund der \u00dcbergangsregelung der Bekleidungsordung noch erlaubt. Einheitlichkeit ist erw\u00fcnscht. Die Option ein T-Shirt\/Polo als oberstes Bekleidungsst\u00fcck zu tragen ist erlaubt.<br>Das tragen des Feuerwehrhelms sowie festem Schuhwerk&nbsp;<strong>und Feuerwehrgurt ist pflicht.<\/strong>&nbsp;Die Taktischen Zeichen sind mitzubringen.<\/p>\n\n\n\n<p class=\"has-medium-font-size\">Auch die&nbsp;<strong>Saugerleinen<\/strong>&nbsp;sind von jeder Bewerbsgruppe&nbsp;<strong>selbst<\/strong><strong>&nbsp;<\/strong><strong>mitzunehmen!<\/strong><\/p>\n\n\n\n<p class=\"has-medium-font-size\">Eine Mannschaft besteht aus&nbsp;5 Personen: MA, WTRF, WTRM, STRF, STRM, <br>(<strong>GRKDT<\/strong> ist nicht zwingend erforderlich).<\/p>\n\n\n\n<p class=\"has-medium-font-size\"><strong>F\u00fcr die Gruppe ist der MA (Gruppenkommandant) verantwortlich!<\/strong><br><br>Gruppen, die sich f\u00fcr den allgemeinen Bewerb anmelden, haben das Recht auch bei der Schlapfenwertung mitzulaufen. <br>Falls es Gruppen gibt, die ausschlie\u00dflich bei der Schlapfenwertung mitlaufen, m\u00fcssen sich diese bis zum Finale des allgemeinen Bewerbs bei der Bewerbsleitung anmelden.<\/p>\n\n\n\n<p class=\"has-medium-font-size\"><strong><u>Bewerbsablauf:<\/u><\/strong><\/p>\n\n\n\n<p class=\"has-medium-font-size\">Eintreffen der Gruppen bis 13:00 Uhr<br>Beginn des Grunddurchgang: 14:00 Uhr<\/p>\n\n\n\n<p class=\"has-medium-font-size\">Finale: ca. 19:30 Uhr<br><br>Start Schlapfenwertung: ca. 20:00 Uhr<\/p>\n\n\n\n<p class=\"has-medium-font-size\">Siegerehrung im Anschluss an die Schlapfenwertung!<\/p>\n\n\n\n<p><\/p>\n\n\n\n<p class=\"has-large-font-size\"><strong>Schlapfenwertung:<\/strong><\/p>\n\n\n\n<p class=\"has-medium-font-size\">Bestimmungen wie oben, gelaufen wird mit Helm und Schlapfen, ohne Gurt!<br>Jede Mannschaft l\u00e4uft 2 Grunddurchg\u00e4nge, dabei z\u00e4hlt nicht die schnellste Zeit.<br>Gewonnen hat diejenige Gruppe, die am wenigsten Abweichung zwischen den beiden L\u00e4ufen hat (<strong>Gleichm\u00e4\u00dfigkeitslauf<\/strong>). <br>Die Zeitanzeige wird erst nach Abstoppen angezeigt!<br><br><strong><u>Definition Schlapfen:<\/u><\/strong> Schuhwerk ohne Fersenriemen (also hinten offen).<br><br><br><\/p>\n\n\n\n<p class=\"has-medium-font-size\"><strong><u>Zeitnehmung:<\/u><\/strong><\/p>\n\n\n\n<p class=\"has-medium-font-size\">Die Zeitnehmung erfolgt elektronisch und wird vom Hauptbewerter durch dr\u00fccken des Tasters gestartet und vom WTRF durch dr\u00fccken des Tasters nach \u201eAngesaugt\u201c gestoppt. Im Aus- oder Fehlerfall wird die manuelle Zeitnehmung vom Bewerterteam verwendet. Der Angriffsbefehl erfolgt vom Tonband.<\/p>\n","protected":false},"excerpt":{"rendered":"<p>Bestimmungen: Es gelten die Bestimmungen f\u00fcr den Bewerb um das Feuerwehrleistungsabzeichen in Bronze und Silber, \u00d6BFV Fachschriftenheft 11 \u2013 7. neu bearbeitete Auflage \u2013 Ausgabe 2011. Grunddurchgang: Jede Mannschaft hat 3 L\u00e4ufe, der schlechteste Lauf wird gestrichen. Die 2 gewerteten L\u00e4ufe werden zusammengez\u00e4hlt und gereiht. Die Besten 8 qualifizieren sich f\u00fcr die KO-Phase. KO-Phase: 8\u00a0Mannschaften [&hellip;]<\/p>\n","protected":false},"author":1,"featured_media":0,"parent":2,"menu_order":0,"comment_status":"closed","ping_status":"closed","template":"","meta":{"footnotes":""},"class_list":["post-25","page","type-page","status-publish","hentry","post"],"_links":{"self":[{"href":"https:\/\/gaudikuppler.at\/index.php?rest_route=\/wp\/v2\/pages\/25","targetHints":{"allow":["GET"]}}],"collection":[{"href":"https:\/\/gaudikuppler.at\/index.php?rest_route=\/wp\/v2\/pages"}],"about":[{"href":"https:\/\/gaudikuppler.at\/index.php?rest_route=\/wp\/v2\/types\/page"}],"author":[{"embeddable":true,"href":"https:\/\/gaudikuppler.at\/index.php?rest_route=\/wp\/v2\/users\/1"}],"replies":[{"embeddable":true,"href":"https:\/\/gaudikuppler.at\/index.php?rest_route=%2Fwp%2Fv2%2Fcomments&post=25"}],"version-history":[{"count":17,"href":"https:\/\/gaudikuppler.at\/index.php?rest_route=\/wp\/v2\/pages\/25\/revisions"}],"predecessor-version":[{"id":166,"href":"https:\/\/gaudikuppler.at\/index.php?rest_route=\/wp\/v2\/pages\/25\/revisions\/166"}],"up":[{"embeddable":true,"href":"https:\/\/gaudikuppler.at\/index.php?rest_route=\/wp\/v2\/pages\/2"}],"wp:attachment":[{"href":"https:\/\/gaudikuppler.at\/index.php?rest_route=%2Fwp%2Fv2%2Fmedia&parent=25"}],"curies":[{"name":"wp","href":"https:\/\/api.w.org\/{rel}","templated":true}]}}